{"id":171,"date":"2024-04-22T12:57:44","date_gmt":"2024-04-22T10:57:44","guid":{"rendered":"https:\/\/www.smonox.cz\/?page_id=171"},"modified":"2026-03-17T14:45:14","modified_gmt":"2026-03-17T13:45:14","slug":"ciasteczka","status":"publish","type":"page","link":"https:\/\/www.smonox.cz\/pl\/cookies\/","title":{"rendered":"Polityka dotycz\u0105ca plik\u00f3w cookie"},"content":{"rendered":"<h1 class=\"wp-block-heading\">Jakich plik\u00f3w cookie u\u017cywamy w witrynie?<\/h1>\n\n\n\n<p>Jeste\u015bmy sp\u00f3\u0142k\u0105 Smotech s.r.o. z siedzib\u0105 pod adresem B.Smetany 1460\/29, 370 01 Czeskie Budziejowice, Republika Czeska, numer identyfikacyjny: 260 84 040, numer VAT: CZ26084040, zarejestrowan\u0105 pod numerem C 13005 w S\u0105dzie Rejonowym w Czeskich Budziejowicach.<\/p>\n\n\n\n<p>Mo\u017cesz skontaktowa\u0107 si\u0119 z nami przez e-mail: &nbsp;<a href=\"mailto:office@smotech.cz\">office@smotech.cz<\/a><br>I numer telefonu: &nbsp;<a href=\"tel:+420 389 501 070\">+420 389 501 070<\/a><\/p>\n\n\n\n<p>Prowadzimy stron\u0119 internetow\u0105 pod adresem https:\/\/www.smotech.cz\/. Na tej stronie u\u017cywamy plik\u00f3w cookie i danych osobowych. Wi\u0119cej informacji na ten temat mo\u017cna znale\u017a\u0107 na tej stronie.<\/p>\n\n\n\n<h2 class=\"wp-block-heading\">Co to s\u0105 ciasteczka?<\/h2>\n\n\n\n<p>Pliki cookie to pliki tekstowe wysy\u0142ane przez nasz\u0105 witryn\u0119 internetow\u0105 do przegl\u0105darki lub urz\u0105dzenia, z kt\u00f3rego u\u017cytkownik przegl\u0105da nasz\u0105 witryn\u0119 internetow\u0105 (np. telefonu, tabletu, komputera). Pozwalaj\u0105 nam one rozpozna\u0107 urz\u0105dzenie u\u017cytkownika i odpowiednio dostosowa\u0107 witryn\u0119, analizowa\u0107 zachowanie odwiedzaj\u0105cych, wy\u015bwietla\u0107 okre\u015blone tre\u015bci itp.<\/p>\n\n\n\n<h2 class=\"wp-block-heading\">Jakich rodzaj\u00f3w plik\u00f3w cookie u\u017cywamy?<\/h2>\n\n\n\n<ul class=\"wp-block-list\">\n<li><strong>Techniczne, funkcjonalne, bezpiecze\u0144stwa<\/strong> - S\u0105 one niezb\u0119dne do wy\u015bwietlania i dzia\u0142ania witryny internetowej. S\u0142u\u017c\u0105 one r\u00f3wnie\u017c do przechowywania preferencji u\u017cytkownika dotycz\u0105cych plik\u00f3w cookie. Aby poinformowa\u0107 nas, \u017ce u\u017cytkownik (nie) wyrazi\u0142 zgod\u0119 na przetwarzanie przez nas plik\u00f3w cookie itp.<\/li>\n\n\n\n<li><strong>Analityczne<\/strong> - Pomagaj\u0105 nam one analizowa\u0107 spos\u00f3b dzia\u0142ania witryny pod k\u0105tem zachowa\u0144 odwiedzaj\u0105cych i odpowiednio j\u0105 dostosowywa\u0107. Konkretne pliki cookie i wi\u0119cej informacji na ich temat mo\u017cna znale\u017a\u0107 bezpo\u015brednio na stronie <a href=\"\" data-cc=\"show-preferencesModal\" aria-haspopup=\"dialog\">tabela plik\u00f3w cookie<\/a><\/li>\n\n\n\n<li><strong>Marketing<\/strong> - Pomagaj\u0105 nam one kierowa\u0107 spersonalizowane reklamy.<\/li>\n<\/ul>\n\n\n\n<h2 class=\"wp-block-heading\">Na jakiej podstawie przetwarzamy pliki cookie?<\/h2>\n\n\n\n<ul class=\"wp-block-list\">\n<li>S <strong>techniczne, funkcjonalne pliki cookie<\/strong> mo\u017cemy pracowa\u0107 w oparciu o przepisy prawa. Bez nich nie byliby\u015bmy w stanie pokaza\u0107 tre\u015bci, a to by\u0142oby z\u0142e!<\/li>\n\n\n\n<li><strong>Analityczne i marketingowe pliki cookie<\/strong> ale mo\u017cemy je przetwarza\u0107 wy\u0142\u0105cznie za zgod\u0105 u\u017cytkownika. To oczywi\u015bcie zale\u017cy wy\u0142\u0105cznie od u\u017cytkownika i b\u0119dziemy z tego zadowoleni, ale nikt nie mo\u017ce go do tego zmusi\u0107.<\/li>\n<\/ul>\n\n\n\n<h2 class=\"wp-block-heading\">Jak mog\u0119 zapobiec u\u017cywaniu plik\u00f3w cookie?<\/h2>\n\n\n\n<p>Najprostszym sposobem uniemo\u017cliwienia dzia\u0142ania plik\u00f3w cookie jest odrzucenie zgody na ich przetwarzanie. Mo\u017cna r\u00f3wnie\u017c zmodyfikowa\u0107 obs\u0142ug\u0119 plik\u00f3w cookie za pomoc\u0105 ustawie\u0144 przegl\u0105darki lub przegl\u0105da\u0107 witryn\u0119 w trybie anonimowym. Wi\u0119cej informacji na temat poszczeg\u00f3lnych przegl\u0105darek i usuwania\/blokowania plik\u00f3w cookie mo\u017cna znale\u017a\u0107 tutaj:<\/p>\n\n\n\n<ul class=\"wp-block-list\">\n<li><a href=\"https:\/\/support.google.com\/accounts\/answer\/61416?hl=cs\" target=\"_blank\" rel=\"noreferrer noopener\">Chrom<\/a><\/li>\n\n\n\n<li><a href=\"https:\/\/support.mozilla.org\/cs\/kb\/vymazani-cookies-dat-stranek?redirectlocale=cs&amp;redirectslug=vymazani-cookies\" target=\"_blank\" rel=\"noreferrer noopener\">Firefox<\/a><\/li>\n\n\n\n<li><a href=\"https:\/\/support.microsoft.com\/cs-cz\/help\/17442\/windows-internet-explorer-delete-manage-cookies\" target=\"_blank\" rel=\"noreferrer noopener\">Internet Explorer<\/a><\/li>\n\n\n\n<li><a href=\"https:\/\/help.opera.com\/cs\/latest\/web-preferences\/\" target=\"_blank\" rel=\"noreferrer noopener\">Opera<\/a><\/li>\n\n\n\n<li><a href=\"https:\/\/napoveda.seznam.cz\/cz\/email\/seznam.cz-prohlizec\/smazani-docasnych-souboru-cookies-seznam\/\" target=\"_blank\" rel=\"noreferrer noopener\">Lista<\/a><\/li>\n\n\n\n<li><a href=\"https:\/\/support.google.com\/chrome\/answer\/2392709?visit_id=1-636270856459123937-2696746637&amp;rd=1&amp;co=GENIE.Platform%3DAndroid&amp;oco=1\" target=\"_blank\" rel=\"noreferrer noopener\">Android<\/a><\/li>\n\n\n\n<li><a href=\"https:\/\/support.apple.com\/cs-cz\/guide\/safari\/sfri11471\/mac\" target=\"_blank\" rel=\"noreferrer noopener\">Safari<\/a><\/li>\n\n\n\n<li><a href=\"https:\/\/support.microsoft.com\/cs-cz\/windows\/microsoft-edge-data-o-proch%C3%A1zen%C3%AD-a-ochrana-soukrom%C3%AD-bb8174ba-9d73-dcf2-9b4a-c582b4e640dd\" target=\"_blank\" rel=\"noreferrer noopener\">Microsoft Edge<\/a><\/li>\n<\/ul>\n\n\n\n<p>Pami\u0119taj, \u017ce ustawie\u0144 trzeba dokona\u0107 osobno dla ka\u017cdego urz\u0105dzenia (telefonu, tabletu, komputera).<\/p>\n\n\n\n<h2 class=\"wp-block-heading\">Kto przetwarza dla nas pliki cookie?<\/h2>\n\n\n\n<p>Dostawca us\u0142ug Google Analytics, Ads i Doubleclick, Google Ireland Ltd. z siedzib\u0105 w Google Building Gordon House, 4 Barrow St, Dublin, D04 E5W5, Irlandia, zgodnie z warunkami korzystania z tych us\u0142ug - mo\u017cna si\u0119 z nimi zapozna\u0107. <a href=\"https:\/\/policies.google.com\/technologies\/cookies?hl=cs\">tutaj<\/a>.<\/p>\n\n\n\n<h2 class=\"wp-block-heading\">Wi\u0119cej informacji<\/h2>\n\n\n\n<p>Je\u015bli u\u017cytkownik wyrazi\u0142 na to zgod\u0119, pliki cookie mog\u0105 by\u0107 r\u00f3wnie\u017c obs\u0142ugiwane przez stron\u0119 trzeci\u0105. W takim przypadku wymieniamy je w tabeli plik\u00f3w cookie.<\/p>\n\n\n\n<p>Przetwarzanie danych osobowych odbywa si\u0119 w Unii Europejskiej, a w ramach Google Analytics dane mog\u0105 by\u0107 r\u00f3wnie\u017c ujawniane poza UE (do USA) za zgod\u0105 u\u017cytkownika.<\/p>\n\n\n\n<p>Nie mamy wyznaczonego inspektora ochrony danych.<\/p>\n\n\n\n<p>Gdy przetwarzamy dane osobowe, u\u017cytkownik ma prawo na mocy RODO (rozporz\u0105dzenie (UE) nr 2016\/679) do skontaktowania si\u0119 z nami i za\u017c\u0105dania informacji o tym, jakie dane osobowe na jego temat przetwarzamy; do za\u017c\u0105dania dost\u0119pu do tych danych i ich aktualizacji lub poprawienia, lub do za\u017c\u0105dania ograniczenia przetwarzania; w niekt\u00f3rych przypadkach u\u017cytkownik mo\u017ce za\u017c\u0105da\u0107 kopii przetwarzanych przez nas danych osobowych; za\u017c\u0105da\u0107 ich usuni\u0119cia; lub skorzysta\u0107 z prawa do przenoszenia danych. Je\u015bli u\u017cytkownik uwa\u017ca, \u017ce nie przetwarzamy jego danych w spos\u00f3b prawid\u0142owy, mo\u017ce z\u0142o\u017cy\u0107 skarg\u0119 do organu ochrony danych lub dochodzi\u0107 swoich roszcze\u0144 w s\u0105dzie.<\/p>","protected":false},"excerpt":{"rendered":"<p>Jak\u00e9 pou\u017e\u00edv\u00e1me na webu cookies? Jsme spole\u010dnost Smotech s.r.o., se s\u00eddlem B.Smetany 1460\/29, 370 01 \u010cesk\u00e9 Bud\u011bjovice, \u010cesk\u00e1 republika, I\u010cO: 260 84 040, DI\u010c: CZ26084040, zapsan\u00e1 pod spisovou zna\u010dkou C 13005 u Krajsk\u00e9ho soudu v \u010cesk\u00fdch\u00a0Bud\u011bjovic\u00edch. Zastihnete n\u00e1s na e-mailu: &nbsp;office@smotech.czA na tel. \u010d.: &nbsp;+420 389 501 070 Provozujeme web na adrese https:\/\/www.smotech.cz\/. Na tomto [&hellip;]<\/p>\n","protected":false},"author":1,"featured_media":0,"parent":0,"menu_order":0,"comment_status":"closed","ping_status":"closed","template":"","meta":{"footnotes":""},"class_list":["post-171","page","type-page","status-publish","hentry"],"_links":{"self":[{"href":"https:\/\/www.smonox.cz\/pl\/wp-json\/wp\/v2\/pages\/171","targetHints":{"allow":["GET"]}}],"collection":[{"href":"https:\/\/www.smonox.cz\/pl\/wp-json\/wp\/v2\/pages"}],"about":[{"href":"https:\/\/www.smonox.cz\/pl\/wp-json\/wp\/v2\/types\/page"}],"author":[{"embeddable":true,"href":"https:\/\/www.smonox.cz\/pl\/wp-json\/wp\/v2\/users\/1"}],"replies":[{"embeddable":true,"href":"https:\/\/www.smonox.cz\/pl\/wp-json\/wp\/v2\/comments?post=171"}],"version-history":[{"count":4,"href":"https:\/\/www.smonox.cz\/pl\/wp-json\/wp\/v2\/pages\/171\/revisions"}],"predecessor-version":[{"id":209,"href":"https:\/\/www.smonox.cz\/pl\/wp-json\/wp\/v2\/pages\/171\/revisions\/209"}],"wp:attachment":[{"href":"https:\/\/www.smonox.cz\/pl\/wp-json\/wp\/v2\/media?parent=171"}],"curies":[{"name":"wp","href":"https:\/\/api.w.org\/{rel}","templated":true}]}}