{"id":159,"date":"2023-06-05T22:45:33","date_gmt":"2023-06-05T20:45:33","guid":{"rendered":"https:\/\/www.smonox.cz\/?page_id=159"},"modified":"2026-03-17T14:45:49","modified_gmt":"2026-03-17T13:45:49","slug":"impressum","status":"publish","type":"page","link":"https:\/\/www.smonox.cz\/pl\/impressum\/","title":{"rendered":"Impressum"},"content":{"rendered":"<p><strong>Informacje zgodnie z \u00a7 5 TMG:<\/strong><\/p>\n\n\n\n<p>Smotech s.r.o.<br>B.Smetana 1460\/29, <br>CZ - 370 01 Czeskie Budziejowice<\/p>\n\n\n\n<p><strong>Reprezentowany przez: <\/strong><br>Pavel Vina\u0159 (dyrektor zarz\u0105dzaj\u0105cy), in\u017c. Vit Frojda (dyrektor zarz\u0105dzaj\u0105cy), Jakub Lauda (dyrektor zarz\u0105dzaj\u0105cy)<\/p>\n\n\n\n<p><strong>Kontakt:<\/strong><br>Telefon: +42 (0) 777 854 824<br>E-mail: office@smotech.cz<\/p>\n\n\n\n<p><strong>Sp\u00f3\u0142ka jest zarejestrowana:<\/strong><br>Wpis do rejestru handlowego<br>S\u0105d rejestrowy: S\u0105d Rejonowy w Czeskich Budziejowicach<br>Numer rejestracyjny: C 13005<\/p>\n\n\n\n<p><strong>Numer identyfikacyjny podatku od sprzeda\u017cy:<br><\/strong>Numer identyfikacji podatkowej dla podatku od sprzeda\u017cy zgodnie z \u00a7 27a ustawy o podatku od sprzeda\u017cy:<br>CZ05755271<\/p>\n\n\n\n<p><strong>Odpowiedzialno\u015b\u0107 za tre\u015b\u0107 zgodnie z \u00a7 55 (2) RStV:<br><\/strong>Pavel Vina\u0159<br>Smotech s.r.o.<br>B.Smetana 1460\/29, <br>CZ - 370 01 Czeskie Budziejowice<\/p>\n\n\n\n<p>W przypadku jakichkolwiek pyta\u0144 lub uwag dotycz\u0105cych tej witryny lub naszych us\u0142ug, prosimy o kontakt z nami przy u\u017cyciu podanych danych kontaktowych.<\/p>\n\n\n\n<p>(Zawarto\u015b\u0107 tej strony s\u0142u\u017cy wy\u0142\u0105cznie celom informacyjnym i nie stanowi dokumentu prawnego ani umownego. Smotech s.r.o. zastrzega sobie prawo do zmiany informacji bez wcze\u015bniejszego powiadomienia).<\/p>\n\n\n\n<p>Ostatnia aktualizacja: 5 czerwca 2023 r.<\/p>","protected":false},"excerpt":{"rendered":"<p>Informace podle \u00a7 5 TMG: Smotech s.r.o.B.Smetany 1460\/29, CZ &#8211; 370 01 \u010cesk\u00e9 Bud\u011bjovice Zastoupen\u00e1: Pavel Vina\u0159 (jednatel), Ing. V\u00edt Frojda (jednatel), Jakub Lauda (jednatel) Kontakt:Telefon: +42 (0) 777 854 824E-mail: office@smotech.cz Firma je registrov\u00e1na:Z\u00e1pis v obchodn\u00edm rejst\u0159\u00edkuRegistra\u010dn\u00ed soud: Okresn\u00ed soud \u010cesk\u00e9 Bud\u011bjovice\u010c\u00edslo z\u00e1pisu: C 13005 I\u010cO pro da\u0148 z obratu:Da\u0148ov\u00e9 identifika\u010dn\u00ed \u010d\u00edslo pro da\u0148 [&hellip;]<\/p>\n","protected":false},"author":1,"featured_media":0,"parent":0,"menu_order":0,"comment_status":"closed","ping_status":"closed","template":"","meta":{"footnotes":""},"class_list":["post-159","page","type-page","status-publish","hentry"],"_links":{"self":[{"href":"https:\/\/www.smonox.cz\/pl\/wp-json\/wp\/v2\/pages\/159","targetHints":{"allow":["GET"]}}],"collection":[{"href":"https:\/\/www.smonox.cz\/pl\/wp-json\/wp\/v2\/pages"}],"about":[{"href":"https:\/\/www.smonox.cz\/pl\/wp-json\/wp\/v2\/types\/page"}],"author":[{"embeddable":true,"href":"https:\/\/www.smonox.cz\/pl\/wp-json\/wp\/v2\/users\/1"}],"replies":[{"embeddable":true,"href":"https:\/\/www.smonox.cz\/pl\/wp-json\/wp\/v2\/comments?post=159"}],"version-history":[{"count":3,"href":"https:\/\/www.smonox.cz\/pl\/wp-json\/wp\/v2\/pages\/159\/revisions"}],"predecessor-version":[{"id":210,"href":"https:\/\/www.smonox.cz\/pl\/wp-json\/wp\/v2\/pages\/159\/revisions\/210"}],"wp:attachment":[{"href":"https:\/\/www.smonox.cz\/pl\/wp-json\/wp\/v2\/media?parent=159"}],"curies":[{"name":"wp","href":"https:\/\/api.w.org\/{rel}","templated":true}]}}