{"id":116,"date":"2022-09-05T11:04:17","date_gmt":"2022-09-05T09:04:17","guid":{"rendered":"https:\/\/www.smonox.cz\/?page_id=116"},"modified":"2023-04-11T12:06:24","modified_gmt":"2023-04-11T10:06:24","slug":"do-pobrania","status":"publish","type":"page","link":"https:\/\/www.smonox.cz\/pl\/ke-stazeni\/","title":{"rendered":"Pobierz"},"content":{"rendered":"<h3 class=\"wp-block-heading margin-bottom--m\">Deklaracja zgodno\u015bci<\/h3>\n\n\n\n<div class=\"wp-block-file\"><a id=\"wp-block-file--media-9c8e2324-ec03-4d3a-982e-34d22f4c452c\" href=\"https:\/\/www.smonox.cz\/wp-content\/uploads\/DZ_WE.pdf\">Deklaracja zgodno\u015bci WE SmonOX<\/a><a href=\"https:\/\/www.smonox.cz\/wp-content\/uploads\/DZ_WE.pdf\" class=\"wp-block-file__button wp-element-button\" download aria-describedby=\"wp-block-file--media-9c8e2324-ec03-4d3a-982e-34d22f4c452c\">Pobierz<\/a><\/div>\n\n\n\n<div class=\"wp-block-file\"><a id=\"wp-block-file--media-daa3c71d-931b-4c15-95ad-540045d7f3c4\" href=\"https:\/\/www.smonox.cz\/wp-content\/uploads\/DZ_UE.pdf\">Deklaracja zgodno\u015bci UE SmonOX<\/a><a href=\"https:\/\/www.smonox.cz\/wp-content\/uploads\/DZ_UE.pdf\" class=\"wp-block-file__button wp-element-button\" download aria-describedby=\"wp-block-file--media-daa3c71d-931b-4c15-95ad-540045d7f3c4\">Pobierz<\/a><\/div>\n\n\n\n<h3 class=\"wp-block-heading margin-bottom--m\">SmonOX podr\u0119cznik<\/h3>\n\n\n\n<div class=\"wp-block-file\"><a id=\"wp-block-file--media-a16a36a2-635f-46ff-8dc8-b6aa93bbd2ca\" href=\"https:\/\/www.smonox.cz\/wp-content\/uploads\/Manual_SmonOX_1_0finSZU-PL.pdf\">Instrukcja obs\u0142ugi SmonOx<\/a><a href=\"https:\/\/www.smonox.cz\/wp-content\/uploads\/Manual_SmonOX_1_0finSZU-PL.pdf\" class=\"wp-block-file__button wp-element-button\" download aria-describedby=\"wp-block-file--media-a16a36a2-635f-46ff-8dc8-b6aa93bbd2ca\">Pobierz<\/a><\/div>\n\n\n\n<h3 class=\"wp-block-heading margin-bottom--m\">Cennik<\/h3>\n\n\n\n<div class=\"wp-block-file\"><a id=\"wp-block-file--media-991575c1-5eb5-4981-928b-a7ca7788f09f\" href=\"https:\/\/www.smonox.cz\/wp-content\/uploads\/Cenik-komponent-a-sluzeb-Smonox-PL.pdf\">Cennik komponent\u00f3w i us\u0142ug SmonOX<\/a><a href=\"https:\/\/www.smonox.cz\/wp-content\/uploads\/Cenik-komponent-a-sluzeb-Smonox-PL.pdf\" class=\"wp-block-file__button wp-element-button\" download aria-describedby=\"wp-block-file--media-991575c1-5eb5-4981-928b-a7ca7788f09f\">Pobierz<\/a><\/div>\n\n\n\n<h3 class=\"wp-block-heading margin-bottom--m\">Og\u00f3lne zasady i warunki SmonOX<\/h3>\n\n\n\n<div class=\"wp-block-file\"><a id=\"wp-block-file--media-285aa431-6efd-4540-9596-0c370ee2f305\" href=\"https:\/\/www.smonox.cz\/wp-content\/uploads\/Smonox-VOP.pdf\">Smonox - Og\u00f3lne warunki handlowe<\/a><a href=\"https:\/\/www.smonox.cz\/wp-content\/uploads\/Smonox-VOP.pdf\" class=\"wp-block-file__button wp-element-button\" download aria-describedby=\"wp-block-file--media-285aa431-6efd-4540-9596-0c370ee2f305\">Pobierz<\/a><\/div>","protected":false},"excerpt":{"rendered":"<p>Deklaracja zgodno\u015bci SmonOX Instrukcja obs\u0142ugi Cennik Og\u00f3lne warunki handlowe SmonOX<\/p>","protected":false},"author":1,"featured_media":0,"parent":0,"menu_order":0,"comment_status":"closed","ping_status":"closed","template":"","meta":{"footnotes":""},"class_list":["post-116","page","type-page","status-publish","hentry"],"_links":{"self":[{"href":"https:\/\/www.smonox.cz\/pl\/wp-json\/wp\/v2\/pages\/116","targetHints":{"allow":["GET"]}}],"collection":[{"href":"https:\/\/www.smonox.cz\/pl\/wp-json\/wp\/v2\/pages"}],"about":[{"href":"https:\/\/www.smonox.cz\/pl\/wp-json\/wp\/v2\/types\/page"}],"author":[{"embeddable":true,"href":"https:\/\/www.smonox.cz\/pl\/wp-json\/wp\/v2\/users\/1"}],"replies":[{"embeddable":true,"href":"https:\/\/www.smonox.cz\/pl\/wp-json\/wp\/v2\/comments?post=116"}],"version-history":[{"count":12,"href":"https:\/\/www.smonox.cz\/pl\/wp-json\/wp\/v2\/pages\/116\/revisions"}],"predecessor-version":[{"id":155,"href":"https:\/\/www.smonox.cz\/pl\/wp-json\/wp\/v2\/pages\/116\/revisions\/155"}],"wp:attachment":[{"href":"https:\/\/www.smonox.cz\/pl\/wp-json\/wp\/v2\/media?parent=116"}],"curies":[{"name":"wp","href":"https:\/\/api.w.org\/{rel}","templated":true}]}}