{"id":71,"date":"2022-08-17T11:42:10","date_gmt":"2022-08-17T09:42:10","guid":{"rendered":"https:\/\/www.smonox.cz\/?page_id=71"},"modified":"2022-09-05T11:31:19","modified_gmt":"2022-09-05T09:31:19","slug":"setup","status":"publish","type":"page","link":"https:\/\/www.smonox.cz\/en\/setup\/","title":{"rendered":"SmonOx Oximeter Setup Requirement"},"content":{"rendered":"\n<div class=\"wp-block-group card\"><div class=\"wp-block-group__inner-container is-layout-flow wp-block-group-is-layout-flow\"><div class='fluentform ff-default fluentform_wrapper_5 ffs_default_wrap'><form data-form_id=\"5\" id=\"fluentform_5\" class=\"frm-fluent-form fluent_form_5 ff-el-form-top ff_form_instance_5_1 ff-form-loading ffs_default\" data-form_instance=\"ff_form_instance_5_1\" method=\"POST\" data-turnstile_key=\"0x4AAAAAAB2HnEMYjZ762zu-\" ><fieldset  style=\"border: none!important;margin: 0!important;padding: 0!important;background-color: transparent!important;box-shadow: none!important;outline: none!important; min-inline-size: 100%;\">\n                    <legend class=\"ff_screen_reader_title\" style=\"display: block; margin: 0!important;padding: 0!important;height: 0!important;text-indent: -999999px;width: 0!important;overflow:hidden;\">Nastaven\u00ed smonoxu<\/legend>        <div\n                style=\"display: none!important; position: absolute!important; transform: translateX(1000%)!important;\"\n                class=\"ff-el-group ff-hpsf-container\"\n        >\n            <div class=\"ff-el-input--label asterisk-right\">\n                <label for=\"ff_5_item_sf\" aria-label=\"Newsletter\">\n                    Newsletter                <\/label>\n            <\/div>\n            <div class=\"ff-el-input--content\">\n                <input type=\"text\"\n                       name=\"item_5__fluent_sf\"\n                       class=\"ff-el-form-control\"\n                       id=\"ff_5_item_sf\"\n                \/>\n            <\/div>\n        <\/div>\n                <input type=\"hidden\" id=\"__fluent_protection_token_5\" class=\"fluent-form-token-field\" name=\"__fluent_protection_token_5\">\n        <input type='hidden' name='__fluent_form_embded_post_id' value='71' \/><input type=\"hidden\" id=\"_fluentform_5_fluentformnonce\" name=\"_fluentform_5_fluentformnonce\" value=\"b525a83a9a\" \/><input type=\"hidden\" name=\"_wp_http_referer\" value=\"\/en\/wp-json\/wp\/v2\/pages\/71\" \/><div class='ff-el-group  ff-custom_html' tabindex='-1' data-name=\"custom_html-5_1\" ><h3 class=\"margin--bottom-l\">Informace o z\u00e1kaznick\u00e9m \u00fa\u010dtu<\/h3><\/div><div class='ff-el-group'><div class=\"ff-el-input--label ff-el-is-required asterisk-right\"><label for='ff_5_input_text' id='label_ff_5_input_text' aria-label=\"N\u00e1zev spole\u010dnosti\">N\u00e1zev spole\u010dnosti<\/label><\/div><div class='ff-el-input--content'><input type=\"text\" name=\"input_text\" class=\"ff-el-form-control\" data-name=\"input_text\" tabindex=\"1\" id=\"ff_5_input_text\"  aria-invalid=\"false\" aria-required=true><\/div><\/div><div class='ff-el-group'><div class=\"ff-el-input--label ff-el-is-required asterisk-right\"><label for='ff_5_email' id='label_ff_5_email' aria-label=\"Email\">Email<\/label><\/div><div class='ff-el-input--content'><input type=\"email\" name=\"email\" id=\"ff_5_email\" class=\"ff-el-form-control\" placeholder=\"Va\u0161e e-mailov\u00e1 adresa\" data-name=\"email\" tabindex=\"2\"  aria-invalid=\"false\" aria-required=true><\/div><\/div><div class='ff-el-group  ff-custom_html' tabindex='-1' data-name=\"custom_html-5_2\" ><h3 class=\"margin-top--l\">Obecn\u00e9 nastaven\u00ed za\u0159\u00edzen\u00ed<\/h3><\/div><div class='ff-el-group'><div class=\"ff-el-input--label ff-el-is-required asterisk-right\"><label for='ff_5_input_text_1' id='label_ff_5_input_text_1' aria-label=\"\u010c\u00edslo za\u0159\u00edzen\u00ed\">\u010c\u00edslo za\u0159\u00edzen\u00ed<\/label><\/div><div class='ff-el-input--content'><input type=\"text\" name=\"input_text_1\" class=\"ff-el-form-control\" placeholder=\"nap\u0159.: SMO015501\" data-name=\"input_text_1\" tabindex=\"3\" id=\"ff_5_input_text_1\"  aria-invalid=\"false\" aria-required=true><\/div><\/div><div class='ff-el-group'><div class=\"ff-el-input--label ff-el-is-required asterisk-right\"><label   aria-label=\"Jednotka m\u011b\u0159en\u00ed a alarmov\u00e1n\u00ed kysl\u00edku:\">Jednotka m\u011b\u0159en\u00ed a alarmov\u00e1n\u00ed kysl\u00edku: <\/label><\/div><div class='ff-el-input--content'><div class='ff-el-form-check ff-el-form-check- ff_item_selected'><label class='ff-el-form-check-label' for='input_radio_1_20f3b5967a0b44b84d3d16779f3384fe'><input  type=\"radio\" name=\"input_radio_1\" data-name=\"input_radio_1\" class=\"ff-el-form-check-input ff-el-form-check-radio\" checked=\"1\" tabindex=\"4\" value=\"mg\/l\"  id='input_radio_1_20f3b5967a0b44b84d3d16779f3384fe' aria-label='mg\/l' aria-invalid='false' aria-required=true> <span>mg\/l<\/span><\/label><\/div><div class='ff-el-form-check ff-el-form-check-'><label class='ff-el-form-check-label' for='input_radio_1_b5369ce8c990b916b4728595c01b1832'><input  type=\"radio\" name=\"input_radio_1\" data-name=\"input_radio_1\" class=\"ff-el-form-check-input ff-el-form-check-radio\" tabindex=\"-1\" value=\"%\"  id='input_radio_1_b5369ce8c990b916b4728595c01b1832' aria-label='%' aria-invalid='false' aria-required=true> <span>%<\/span><\/label><\/div><\/div><\/div><div class='ff-el-group'><div class=\"ff-el-input--label ff-el-is-required asterisk-right\"><label for='ff_5_numeric-field_2' id='label_ff_5_numeric-field_2' aria-label=\"\u010cetnost m\u011b\u0159en\u00ed (Standardn\u011b prob\u00edh\u00e1 m\u011b\u0159en\u00ed 1x za hodinu. Maxim\u00e1ln\u00ed po\u010det m\u011b\u0159en\u00ed je 5x za hodinu.)\">\u010cetnost m\u011b\u0159en\u00ed (Standardn\u011b prob\u00edh\u00e1 m\u011b\u0159en\u00ed 1x za hodinu. Maxim\u00e1ln\u00ed po\u010det m\u011b\u0159en\u00ed je 5x za hodinu.)<\/label><\/div><div class='ff-el-input--content'><input type=\"number\" name=\"numeric-field_2\" value=\"1\" id=\"ff_5_numeric-field_2\" class=\"ff-el-form-control\" data-name=\"numeric-field_2\" inputmode=\"numeric\" step=\"any\" min=\"1\" aria-valuemin=\"1\" max=\"5\" aria-valuemax=\"5\" tabindex=\"5\"  aria-invalid=\"false\" aria-required=true><\/div><\/div><div class='ff-el-group  ff-custom_html' tabindex='-1' data-name=\"custom_html-5_3\" ><h4 class=\"margin-top--l\">P\u0159\u00edstupy do za\u0159\u00edzen\u00ed<\/h4><\/div>        <div data-type=\"repeater_field\" data-name=\"repeater_field\" class=\"ff-el-group ff-el-repeater js-repeater\" data-root_name=\"repeater_field\"  >\n            <div class='ff-el-input--label asterisk-right'><label aria-label='' for=''><\/label><\/div>            <div class='ff-el-input--content'>\n                <table role=\"table\" aria-label=\"Repeater Field\" data-max_repeat=\"\" data-root_name=\"repeater_field\" class=\"ff_repeater_table ff_flexible_table\">\n                    <thead>\n                    <tr>\n                                                    <th><div class='ff-el-input--label ff-el-is-required asterisk-right'><label aria-label='E-mailov\u00e9 adresy pro p\u0159\u00edstup do za\u0159\u00edzen\u00ed' for=''>E-mailov\u00e9 adresy pro p\u0159\u00edstup do za\u0159\u00edzen\u00ed<\/label><\/div><\/th>\n                                                <th><\/th>\n                    <\/tr>\n                    <\/thead>\n                    <tbody>\n                    <tr>\n                                                    <td data-label=\"E-mailov\u00e9 adresy pro p\u0159\u00edstup do za\u0159\u00edzen\u00ed\">\n                                                                <div class='ff-el-group'><div class='ff-el-input--content'><input type=\"email\" aria-label=\"repeater level 1 and field E-mailov\u00e9 adresy pro p\u0159\u00edstup do za\u0159\u00edzen\u00ed\" name=\"repeater_field[0][]\" id=\"ff_5_repeater_field_0\" data-repeater_index=\"0\" data-type=\"repeater_item\" data-name=\"repeater_field_0_0\" data-error_index=\"repeater_field[0]\" tabindex=\"6\" class=\"ff-el-form-control\"  aria-invalid=\"false\" aria-required=true><\/div><\/div>                            <\/td>\n                                                <td class=\"repeat_btn\"><div class=\"ff-el-repeat-buttons-list js-repeat-buttons\"><span role=\"button\" aria-label=\"add repeater\" class=\"repeat-plus\"><svg tabindex=\"0\" width=\"20\" height=\"20\" viewBox=\"0 0 512 512\"><path d=\"m256 48c-115 0-208 93-208 208 0 115 93 208 208 208 115 0 208-93 208-208 0-115-93-208-208-208z m107 229l-86 0 0 86-42 0 0-86-86 0 0-42 86 0 0-86 42 0 0 86 86 0z\"><\/path><\/svg><\/span><span role=\"button\" aria-label=\"remove repeater\" class=\"repeat-minus\"><svg tabindex=\"0\" width=\"20\" height=\"20\" viewBox=\"0 0 512 512\"><path d=\"m256 48c-115 0-208 93-208 208 0 115 93 208 208 208 115 0 208-93 208-208 0-115-93-208-208-208z m107 229l-214 0 0-42 214 0z\"\"><\/path><\/svg><\/span><\/div><\/td>\n                    <\/tr>\n                    <\/tbody>\n                <\/table>\n            <\/div>\n        <\/div>\n        <div class='ff-el-group  ff-custom_html' tabindex='-1' data-name=\"custom_html-5_4\" ><h3 class=\"margin-top--l\">Nastaven\u00ed alarm\u016f<\/h3><\/div><div class='ff-el-group'><div class=\"ff-el-input--label ff-el-is-required asterisk-right\"><label for='ff_5_input_text_2' id='label_ff_5_input_text_2' aria-label=\"Rozpu\u0161t\u011bn\u00fd kysl\u00edk (v\u010detn\u011b jednotky)\">Rozpu\u0161t\u011bn\u00fd kysl\u00edk (v\u010detn\u011b jednotky)<\/label><\/div><div class='ff-el-input--content'><input type=\"text\" name=\"input_text_2\" class=\"ff-el-form-control\" placeholder=\"nap\u0159. 1 mg\/l\" data-name=\"input_text_2\" tabindex=\"57\" id=\"ff_5_input_text_2\"  aria-invalid=\"false\" aria-required=true><\/div><\/div><div data-name=\"ff_cn_id_1\"  class='ff-t-container ff-column-container ff_columns_total_2 '><div class='ff-t-cell ff-t-column-1' style='flex-basis: 50%;'><div class='ff-el-group'><div class=\"ff-el-input--label asterisk-right\"><label for='ff_5_numeric-field' id='label_ff_5_numeric-field' aria-label=\"Teplota vody (\u00b0C)\">Teplota vody (\u00b0C)<\/label><\/div><div class='ff-el-input--content'><input type=\"number\" name=\"numeric-field\" value=\"0\" id=\"ff_5_numeric-field\" class=\"ff-el-form-control\" placeholder=\"0\" data-name=\"numeric-field\" inputmode=\"numeric\" step=\"any\" tabindex=\"58\"  aria-invalid=\"false\" aria-required=false><\/div><\/div><\/div><div class='ff-t-cell ff-t-column-2' style='flex-basis: 50%;'><div class='ff-el-group'><div class=\"ff-el-input--label asterisk-right\"><label for='ff_5_numeric-field_1' id='label_ff_5_numeric-field_1' aria-label=\"Teplota vzduchu (\u00b0C)\">Teplota vzduchu (\u00b0C)<\/label><\/div><div class='ff-el-input--content'><input type=\"number\" name=\"numeric-field_1\" value=\"0\" id=\"ff_5_numeric-field_1\" class=\"ff-el-form-control\" placeholder=\"0\" data-name=\"numeric-field_1\" inputmode=\"numeric\" step=\"any\" tabindex=\"59\"  aria-invalid=\"false\" aria-required=false><\/div><\/div><\/div><\/div><div class='ff-el-group  ff-custom_html' tabindex='-1' data-name=\"custom_html-5_5\" ><h4 class=\"margin-top--l\">Zas\u00edl\u00e1n\u00ed alarm\u016f<\/h4><\/div>        <div data-type=\"repeater_field\" data-name=\"repeater_field_1\" class=\"ff-el-group ff-el-repeater js-repeater\" data-root_name=\"repeater_field_1\"  >\n            <div class='ff-el-input--label asterisk-right'><label aria-label='' for=''><\/label><\/div>            <div class='ff-el-input--content'>\n                <table role=\"table\" aria-label=\"Repeater Field\" data-max_repeat=\"\" data-root_name=\"repeater_field_1\" class=\"ff_repeater_table ff_flexible_table\">\n                    <thead>\n                    <tr>\n                                                    <th><div class='ff-el-input--label ff-el-is-required asterisk-right'><label aria-label='E-mailov\u00e9 adresy pro zas\u00edl\u00e1n\u00ed alarm\u016f' for=''>E-mailov\u00e9 adresy pro zas\u00edl\u00e1n\u00ed alarm\u016f<\/label><\/div><\/th>\n                                                <th><\/th>\n                    <\/tr>\n                    <\/thead>\n                    <tbody>\n                    <tr>\n                                                    <td data-label=\"E-mailov\u00e9 adresy pro zas\u00edl\u00e1n\u00ed alarm\u016f\">\n                                                                <div class='ff-el-group'><div class='ff-el-input--content'><input type=\"email\" aria-label=\"repeater level 1 and field E-mailov\u00e9 adresy pro zas\u00edl\u00e1n\u00ed alarm\u016f\" name=\"repeater_field_1[0][]\" id=\"ff_5_repeater_field_1_0\" data-repeater_index=\"0\" data-type=\"repeater_item\" data-name=\"repeater_field_1_0_0\" data-error_index=\"repeater_field_1[0]\" tabindex=\"60\" class=\"ff-el-form-control\"  aria-invalid=\"false\" aria-required=true><\/div><\/div>                            <\/td>\n                                                <td class=\"repeat_btn\"><div class=\"ff-el-repeat-buttons-list js-repeat-buttons\"><span role=\"button\" aria-label=\"add repeater\" class=\"repeat-plus\"><svg tabindex=\"0\" width=\"20\" height=\"20\" viewBox=\"0 0 512 512\"><path d=\"m256 48c-115 0-208 93-208 208 0 115 93 208 208 208 115 0 208-93 208-208 0-115-93-208-208-208z m107 229l-86 0 0 86-42 0 0-86-86 0 0-42 86 0 0-86 42 0 0 86 86 0z\"><\/path><\/svg><\/span><span role=\"button\" aria-label=\"remove repeater\" class=\"repeat-minus\"><svg tabindex=\"0\" width=\"20\" height=\"20\" viewBox=\"0 0 512 512\"><path d=\"m256 48c-115 0-208 93-208 208 0 115 93 208 208 208 115 0 208-93 208-208 0-115-93-208-208-208z m107 229l-214 0 0-42 214 0z\"\"><\/path><\/svg><\/span><\/div><\/td>\n                    <\/tr>\n                    <\/tbody>\n                <\/table>\n            <\/div>\n        <\/div>\n                <div data-type=\"repeater_field\" data-name=\"repeater_field_2\" class=\"ff-el-group ff-el-repeater js-repeater ff-el-form-hide_label\" data-root_name=\"repeater_field_2\"  >\n            <div class='ff-el-input--label asterisk-right'><label aria-label='' for=''><\/label><\/div>            <div class='ff-el-input--content'>\n                <table role=\"table\" aria-label=\"Repeater Field\" data-max_repeat=\"\" data-root_name=\"repeater_field_2\" class=\"ff_repeater_table ff_flexible_table\">\n                    <thead>\n                    <tr>\n                                                    <th><div class='ff-el-input--label ff-el-is-required asterisk-right'><label aria-label='Telefonn\u00ed \u010d\u00edsla pro zas\u00edl\u00e1n\u00ed alarm\u016f' for=''>Telefonn\u00ed \u010d\u00edsla pro zas\u00edl\u00e1n\u00ed alarm\u016f<\/label><\/div><\/th>\n                                                <th><\/th>\n                    <\/tr>\n                    <\/thead>\n                    <tbody>\n                    <tr>\n                                                    <td data-label=\"Telefonn\u00ed \u010d\u00edsla pro zas\u00edl\u00e1n\u00ed alarm\u016f\">\n                                                                <div class='ff-el-group'><div class='ff-el-input--content'><input type=\"text\" aria-label=\"repeater level 1 and field Telefonn\u00ed \u010d\u00edsla pro zas\u00edl\u00e1n\u00ed alarm\u016f\" name=\"repeater_field_2[0][]\" id=\"ff_5_repeater_field_2_0\" data-repeater_index=\"0\" data-type=\"repeater_item\" data-name=\"repeater_field_2_0_0\" data-error_index=\"repeater_field_2[0]\" tabindex=\"111\" class=\"ff-el-form-control\"  aria-invalid=\"false\" aria-required=true><\/div><\/div>                            <\/td>\n                                                <td class=\"repeat_btn\"><div class=\"ff-el-repeat-buttons-list js-repeat-buttons\"><span role=\"button\" aria-label=\"add repeater\" class=\"repeat-plus\"><svg tabindex=\"0\" width=\"20\" height=\"20\" viewBox=\"0 0 512 512\"><path d=\"m256 48c-115 0-208 93-208 208 0 115 93 208 208 208 115 0 208-93 208-208 0-115-93-208-208-208z m107 229l-86 0 0 86-42 0 0-86-86 0 0-42 86 0 0-86 42 0 0 86 86 0z\"><\/path><\/svg><\/span><span role=\"button\" aria-label=\"remove repeater\" class=\"repeat-minus\"><svg tabindex=\"0\" width=\"20\" height=\"20\" viewBox=\"0 0 512 512\"><path d=\"m256 48c-115 0-208 93-208 208 0 115 93 208 208 208 115 0 208-93 208-208 0-115-93-208-208-208z m107 229l-214 0 0-42 214 0z\"\"><\/path><\/svg><\/span><\/div><\/td>\n                    <\/tr>\n                    <\/tbody>\n                <\/table>\n            <\/div>\n        <\/div>\n        <div class='ff-el-group    ff-el-input--content'><div class='ff-el-form-check ff-el-tc'><label aria-label='Terms and Conditions: Souhlas\u00edm se zpracov\u00e1n\u00edm osobn\u00edch \u00fadaj\u016f. Contains 1 link. Use tab navigation to review.' class='ff-el-form-check-label ff_tc_label' for=gdpr-agreement_f19cbd48fe2e6738bbfb38d9e162b6ae><span class='ff_tc_checkbox'><input type=\"checkbox\" name=\"gdpr-agreement\" class=\"ff-el-form-check-input ff_gdpr_field\" data-name=\"gdpr-agreement\" id=\"gdpr-agreement_f19cbd48fe2e6738bbfb38d9e162b6ae\" tabindex=\"162\"  value='on' aria-invalid='false' aria-required=true><\/span> <div class='ff_t_c'><div style=\"text-align:left\">Souhlas\u00edm se <a class=\"\" target=\"_blank\" href=\"https:\/\/www.smonox.cz\/zpracovani-osobnich-udaju\/\">zpracov\u00e1n\u00edm osobn\u00edch \u00fadaj\u016f.<\/a><\/div><\/div><\/label><\/div><\/div><div class='ff-el-group ' ><div class='ff-el-input--content'><div data-fluent_id='5' name='cf-turnstile-response'><div\n\t\tdata-sitekey='0x4AAAAAAB2HnEMYjZ762zu-'\n\t\tdata-theme='auto'\n\t\tid='fluentform-turnstile-5-1'\n\t\tclass='ff-el-turnstile cf-turnstile'\n\t\tdata-appearance='always'><\/div><\/div><\/div><\/div><div class='ff-el-group ff-text-left ff_submit_btn_wrapper'><button type=\"submit\" class=\"ff-btn ff-btn-submit ff-btn-md btn--m btn--primary ff_btn_no_style\" tabindex=\"163\"  aria-label=\"Odeslat \u017e\u00e1dost o nastaven\u00ed\">Odeslat \u017e\u00e1dost o nastaven\u00ed<\/button><\/div><\/fieldset><\/form><div id='fluentform_5_errors' class='ff-errors-in-stack ff_form_instance_5_1 ff-form-loading_errors ff_form_instance_5_1_errors'><\/div><\/div>            <script type=\"text\/javascript\">\n                window.fluent_form_ff_form_instance_5_1 = {\"id\":\"5\",\"settings\":{\"layout\":{\"labelPlacement\":\"top\",\"helpMessagePlacement\":\"with_label\",\"errorMessagePlacement\":\"inline\",\"asteriskPlacement\":\"asterisk-right\"},\"restrictions\":{\"denyEmptySubmission\":{\"enabled\":false}}},\"form_instance\":\"ff_form_instance_5_1\",\"form_id_selector\":\"fluentform_5\",\"rules\":{\"input_text\":{\"required\":{\"value\":true,\"message\":\"Toto pole je povinn\\u00e9\"}},\"email\":{\"required\":{\"value\":true,\"message\":\"Toto pole je povinn\\u00e9\"},\"email\":{\"value\":true,\"message\":\"This field must contain a valid email\"}},\"input_text_1\":{\"required\":{\"value\":true,\"message\":\"Toto pole je povinn\\u00e9\"}},\"input_radio_1\":{\"required\":{\"value\":true,\"message\":\"Toto pole je povinn\\u00e9\"}},\"numeric-field_2\":{\"required\":{\"value\":true,\"message\":\"Toto pole je povinn\\u00e9\"},\"numeric\":{\"value\":true,\"message\":\"This field must contain numeric value\"},\"min\":{\"value\":\"1\",\"message\":\"Minimum value is \"},\"max\":{\"value\":\"5\",\"message\":\"Maximum value is \"},\"digits\":{\"value\":\"\",\"message\":\"The number of digits has to be \"}},\"repeater_field[0]\":{\"required\":{\"value\":true,\"message\":\"Toto pole je povinn\\u00e9\"},\"email\":{\"value\":true,\"message\":\"This field must contain a valid email\"}},\"input_text_2\":{\"required\":{\"value\":true,\"message\":\"Toto pole je povinn\\u00e9\"}},\"numeric-field\":{\"required\":{\"value\":false,\"message\":\"This field is required\"},\"numeric\":{\"value\":true,\"message\":\"This field must contain numeric value\"},\"min\":{\"value\":\"\",\"message\":\"Minimum value is \"},\"max\":{\"value\":\"\",\"message\":\"Maximum value is \"},\"digits\":{\"value\":\"\",\"message\":\"The number of digits has to be \"}},\"numeric-field_1\":{\"required\":{\"value\":false,\"message\":\"This field is required\"},\"numeric\":{\"value\":true,\"message\":\"This field must contain numeric value\"},\"min\":{\"value\":\"\",\"message\":\"Minimum value is \"},\"max\":{\"value\":\"\",\"message\":\"Maximum value is \"},\"digits\":{\"value\":\"\",\"message\":\"The number of digits has to be \"}},\"repeater_field_1[0]\":{\"required\":{\"value\":true,\"message\":\"Toto pole je povinn\\u00e9\"},\"email\":{\"value\":true,\"message\":\"This field must contain a valid email\"}},\"repeater_field_2[0]\":{\"required\":{\"value\":true,\"message\":\"Toto pole je povinn\\u00e9\"}},\"gdpr-agreement\":{\"required\":{\"value\":true,\"message\":\"Toto pole je povinn\\u00e9\"}}},\"debounce_time\":300};\n                            <\/script>\n            \n<\/div><\/div>\n","protected":false},"excerpt":{"rendered":"","protected":false},"author":1,"featured_media":0,"parent":0,"menu_order":0,"comment_status":"closed","ping_status":"closed","template":"","meta":{"footnotes":""},"class_list":["post-71","page","type-page","status-publish","hentry"],"_links":{"self":[{"href":"https:\/\/www.smonox.cz\/en\/wp-json\/wp\/v2\/pages\/71","targetHints":{"allow":["GET"]}}],"collection":[{"href":"https:\/\/www.smonox.cz\/en\/wp-json\/wp\/v2\/pages"}],"about":[{"href":"https:\/\/www.smonox.cz\/en\/wp-json\/wp\/v2\/types\/page"}],"author":[{"embeddable":true,"href":"https:\/\/www.smonox.cz\/en\/wp-json\/wp\/v2\/users\/1"}],"replies":[{"embeddable":true,"href":"https:\/\/www.smonox.cz\/en\/wp-json\/wp\/v2\/comments?post=71"}],"version-history":[{"count":5,"href":"https:\/\/www.smonox.cz\/en\/wp-json\/wp\/v2\/pages\/71\/revisions"}],"predecessor-version":[{"id":127,"href":"https:\/\/www.smonox.cz\/en\/wp-json\/wp\/v2\/pages\/71\/revisions\/127"}],"wp:attachment":[{"href":"https:\/\/www.smonox.cz\/en\/wp-json\/wp\/v2\/media?parent=71"}],"curies":[{"name":"wp","href":"https:\/\/api.w.org\/{rel}","templated":true}]}}