{"id":171,"date":"2024-04-22T12:57:44","date_gmt":"2024-04-22T10:57:44","guid":{"rendered":"https:\/\/www.smonox.cz\/?page_id=171"},"modified":"2026-03-17T14:45:14","modified_gmt":"2026-03-17T13:45:14","slug":"cookies","status":"publish","type":"page","link":"https:\/\/www.smonox.cz\/de\/cookies\/","title":{"rendered":"Cookie-Richtlinie"},"content":{"rendered":"<h1 class=\"wp-block-heading\">Welche Cookies verwenden wir auf unserer Website?<\/h1>\n\n\n\n<p>Wir sind Smotech s.r.o., mit Sitz in B.Smetany 1460\/29, 370 01 \u010cesk\u00e9 Bud\u011bjovice, Tschechische Republik, ID-Nr.: 260 84 040, USt.-Nr.: CZ26084040, eingetragen unter dem Aktenzeichen C 13005 beim Bezirksgericht in \u010cesk\u00e9 Bud\u011bjovice.<\/p>\n\n\n\n<p>Sie k\u00f6nnen uns per E-Mail erreichen: &nbsp;<a href=\"mailto:office@smotech.cz\">office@smotech.cz<\/a><br>Und die Telefonnummer: &nbsp;<a href=\"tel:+420 389 501 070\">+420 389 501 070<\/a><\/p>\n\n\n\n<p>Wir betreiben eine Website unter https:\/\/www.smotech.cz\/. Auf dieser Website arbeiten wir mit Cookies und pers\u00f6nlichen Daten. Mehr dar\u00fcber k\u00f6nnen Sie auf dieser Seite lesen.<\/p>\n\n\n\n<h2 class=\"wp-block-heading\">Was sind Cookies?<\/h2>\n\n\n\n<p>Cookies sind Textdateien, die unsere Website an den Browser oder Ihr Ger\u00e4t sendet, von dem aus Sie unsere Website betrachten (z. B. Telefon, Tablet, Computer). Sie erm\u00f6glichen es uns, Ihr Ger\u00e4t zu erkennen und die Website entsprechend anzupassen, das Besucherverhalten zu analysieren, bestimmte Inhalte anzuzeigen usw.<\/p>\n\n\n\n<h2 class=\"wp-block-heading\">Welche Arten von Cookies verwenden wir?<\/h2>\n\n\n\n<ul class=\"wp-block-list\">\n<li><strong>Technik, Funktion, Sicherheit<\/strong> - Diese sind notwendig, damit Ihre Website ordnungsgem\u00e4\u00df angezeigt wird und funktioniert. Sie werden auch verwendet, um Ihre Einstellungen zu Cookies zu speichern. Um uns mitzuteilen, dass Sie der Verarbeitung von Cookies usw. (nicht) zugestimmt haben.<\/li>\n\n\n\n<li><strong>Analytisch<\/strong> - Diese helfen uns, die Funktionsweise der Website im Hinblick auf das Besucherverhalten zu analysieren und die Website entsprechend anzupassen. Spezifische Cookies und weitere Informationen \u00fcber sie finden Sie direkt unter <a href=\"\" data-cc=\"show-preferencesModal\" aria-haspopup=\"dialog\">Kekstisch<\/a><\/li>\n\n\n\n<li><strong>Marketing<\/strong> - Diese helfen uns, personalisierte Werbung zu schalten.<\/li>\n<\/ul>\n\n\n\n<h2 class=\"wp-block-heading\">Auf welcher Grundlage verarbeiten wir Cookies?<\/h2>\n\n\n\n<ul class=\"wp-block-list\">\n<li>S <strong>technische, funktionale Cookies<\/strong> k\u00f6nnen wir auf der Grundlage der Rechtsvorschriften arbeiten. Ohne sie k\u00f6nnten wir Ihnen den Inhalt nicht zeigen, und das w\u00e4re falsch!<\/li>\n\n\n\n<li><strong>Analytische und Marketing-Cookies<\/strong> aber wir k\u00f6nnen sie nur mit Ihrer Zustimmung verarbeiten. Dies liegt nat\u00fcrlich ganz bei Ihnen, und wir w\u00fcrden uns dar\u00fcber freuen, aber niemand kann Sie dazu zwingen, sie zu geben.<\/li>\n<\/ul>\n\n\n\n<h2 class=\"wp-block-heading\">Wie kann ich die Verwendung von Cookies verhindern?<\/h2>\n\n\n\n<p>Der einfachste Weg, die Verwendung von Cookies zu verhindern, ist die Verweigerung der Zustimmung zur Verarbeitung. Sie k\u00f6nnen die Behandlung von Cookies auch \u00fcber Ihre Browsereinstellungen \u00e4ndern oder die Website im anonymen Modus betrachten. Weitere Informationen zu den einzelnen Browsern und zur L\u00f6schung\/Blockierung von Cookies finden Sie hier:<\/p>\n\n\n\n<ul class=\"wp-block-list\">\n<li><a href=\"https:\/\/support.google.com\/accounts\/answer\/61416?hl=cs\" target=\"_blank\" rel=\"noreferrer noopener\">Chrom<\/a><\/li>\n\n\n\n<li><a href=\"https:\/\/support.mozilla.org\/cs\/kb\/vymazani-cookies-dat-stranek?redirectlocale=cs&amp;redirectslug=vymazani-cookies\" target=\"_blank\" rel=\"noreferrer noopener\">Firefox<\/a><\/li>\n\n\n\n<li><a href=\"https:\/\/support.microsoft.com\/cs-cz\/help\/17442\/windows-internet-explorer-delete-manage-cookies\" target=\"_blank\" rel=\"noreferrer noopener\">Internet Explorer<\/a><\/li>\n\n\n\n<li><a href=\"https:\/\/help.opera.com\/cs\/latest\/web-preferences\/\" target=\"_blank\" rel=\"noreferrer noopener\">Oper<\/a><\/li>\n\n\n\n<li><a href=\"https:\/\/napoveda.seznam.cz\/cz\/email\/seznam.cz-prohlizec\/smazani-docasnych-souboru-cookies-seznam\/\" target=\"_blank\" rel=\"noreferrer noopener\">Liste<\/a><\/li>\n\n\n\n<li><a href=\"https:\/\/support.google.com\/chrome\/answer\/2392709?visit_id=1-636270856459123937-2696746637&amp;rd=1&amp;co=GENIE.Platform%3DAndroid&amp;oco=1\" target=\"_blank\" rel=\"noreferrer noopener\">Android<\/a><\/li>\n\n\n\n<li><a href=\"https:\/\/support.apple.com\/cs-cz\/guide\/safari\/sfri11471\/mac\" target=\"_blank\" rel=\"noreferrer noopener\">Safari<\/a><\/li>\n\n\n\n<li><a href=\"https:\/\/support.microsoft.com\/cs-cz\/windows\/microsoft-edge-data-o-proch%C3%A1zen%C3%AD-a-ochrana-soukrom%C3%AD-bb8174ba-9d73-dcf2-9b4a-c582b4e640dd\" target=\"_blank\" rel=\"noreferrer noopener\">Microsoft Edge<\/a><\/li>\n<\/ul>\n\n\n\n<p>Denken Sie daran, dass Sie die Einstellungen f\u00fcr jedes Ihrer Ger\u00e4te (Telefon, Tablet, Computer) separat vornehmen m\u00fcssen.<\/p>\n\n\n\n<h2 class=\"wp-block-heading\">Wer verarbeitet Cookies f\u00fcr uns?<\/h2>\n\n\n\n<p>Google Analytics, Ads and Doubleclick provider Google Ireland Ltd. of Google Building Gordon House, 4 Barrow St, Dublin, D04 E5W5, Ireland, in accordance with its terms and conditions - you can read them <a href=\"https:\/\/policies.google.com\/technologies\/cookies?hl=cs\">hier<\/a>.<\/p>\n\n\n\n<h2 class=\"wp-block-heading\">Weitere Informationen<\/h2>\n\n\n\n<p>Wenn Sie Ihr Einverst\u00e4ndnis gegeben haben, kann auch ein Dritter Ihre Cookies verwenden. In diesem Fall f\u00fchren wir sie in der Cookie-Tabelle auf.<\/p>\n\n\n\n<p>Die Verarbeitung personenbezogener Daten findet innerhalb der Europ\u00e4ischen Union statt, und im Rahmen von Google Analytics k\u00f6nnen Daten mit Ihrer Zustimmung auch au\u00dferhalb der EU (in die USA) weitergegeben werden.<\/p>\n\n\n\n<p>Wir haben keinen designierten Datenschutzbeauftragten.<\/p>\n\n\n\n<p>Wenn wir personenbezogene Daten verarbeiten, haben Sie nach der DSGVO (Verordnung (EU) Nr. 2016\/679) das Recht, sich an uns zu wenden und Auskunft dar\u00fcber zu verlangen, welche personenbezogenen Daten wir \u00fcber Sie verarbeiten; Zugang zu diesen Daten zu verlangen und sie aktualisieren oder berichtigen zu lassen oder eine Einschr\u00e4nkung der Verarbeitung zu verlangen; in bestimmten F\u00e4llen k\u00f6nnen Sie eine Kopie der von uns verarbeiteten personenbezogenen Daten verlangen; die L\u00f6schung zu fordern oder Ihr Recht auf Daten\u00fcbertragbarkeit auszu\u00fcben. Wenn Sie der Meinung sind, dass wir Ihre Daten nicht korrekt verarbeiten, k\u00f6nnen Sie eine Beschwerde bei der Datenschutzbeh\u00f6rde einreichen oder Ihre Anspr\u00fcche vor Gericht geltend machen.<\/p>","protected":false},"excerpt":{"rendered":"<p>Jak\u00e9 pou\u017e\u00edv\u00e1me na webu cookies? Jsme spole\u010dnost Smotech s.r.o., se s\u00eddlem B.Smetany 1460\/29, 370 01 \u010cesk\u00e9 Bud\u011bjovice, \u010cesk\u00e1 republika, I\u010cO: 260 84 040, DI\u010c: CZ26084040, zapsan\u00e1 pod spisovou zna\u010dkou C 13005 u Krajsk\u00e9ho soudu v \u010cesk\u00fdch\u00a0Bud\u011bjovic\u00edch. Zastihnete n\u00e1s na e-mailu: &nbsp;office@smotech.czA na tel. \u010d.: &nbsp;+420 389 501 070 Provozujeme web na adrese https:\/\/www.smotech.cz\/. Na tomto [&hellip;]<\/p>\n","protected":false},"author":1,"featured_media":0,"parent":0,"menu_order":0,"comment_status":"closed","ping_status":"closed","template":"","meta":{"footnotes":""},"class_list":["post-171","page","type-page","status-publish","hentry"],"_links":{"self":[{"href":"https:\/\/www.smonox.cz\/de\/wp-json\/wp\/v2\/pages\/171","targetHints":{"allow":["GET"]}}],"collection":[{"href":"https:\/\/www.smonox.cz\/de\/wp-json\/wp\/v2\/pages"}],"about":[{"href":"https:\/\/www.smonox.cz\/de\/wp-json\/wp\/v2\/types\/page"}],"author":[{"embeddable":true,"href":"https:\/\/www.smonox.cz\/de\/wp-json\/wp\/v2\/users\/1"}],"replies":[{"embeddable":true,"href":"https:\/\/www.smonox.cz\/de\/wp-json\/wp\/v2\/comments?post=171"}],"version-history":[{"count":4,"href":"https:\/\/www.smonox.cz\/de\/wp-json\/wp\/v2\/pages\/171\/revisions"}],"predecessor-version":[{"id":209,"href":"https:\/\/www.smonox.cz\/de\/wp-json\/wp\/v2\/pages\/171\/revisions\/209"}],"wp:attachment":[{"href":"https:\/\/www.smonox.cz\/de\/wp-json\/wp\/v2\/media?parent=171"}],"curies":[{"name":"wp","href":"https:\/\/api.w.org\/{rel}","templated":true}]}}