{"id":159,"date":"2023-06-05T22:45:33","date_gmt":"2023-06-05T20:45:33","guid":{"rendered":"https:\/\/www.smonox.cz\/?page_id=159"},"modified":"2026-03-17T14:45:49","modified_gmt":"2026-03-17T13:45:49","slug":"impressum","status":"publish","type":"page","link":"https:\/\/www.smonox.cz\/de\/impressum\/","title":{"rendered":"Impressum"},"content":{"rendered":"<p><strong>Informationen nach \u00a7 5 TMG:<\/strong><\/p>\n\n\n\n<p>Smotech s.r.o.<br>B. Smetana 1460\/29, <br>CZ - 370 01 \u010cesk\u00e9 Bud\u011bjovice<\/p>\n\n\n\n<p><strong>Vertreten durch: <\/strong><br>Pavel Vina\u0159 (Gesch\u00e4ftsf\u00fchrer), Ing. Vit Frojda (Generaldirektor), Jakub Lauda (Generaldirektor)<\/p>\n\n\n\n<p><strong>Kontakt:<\/strong><br>Telefon: +42 (0) 777 854 824<br>E-Mail: office@smotech.cz<\/p>\n\n\n\n<p><strong>Das Unternehmen ist eingetragen:<\/strong><br>Eintragung ins Handelsregister<br>Registergericht: Bezirksgericht von \u010cesk\u00e9 Bud\u011bjovice<br>Zulassungsnummer: C 13005<\/p>\n\n\n\n<p><strong>Umsatzsteuer-ID-Nummer:<br><\/strong>Umsatzsteuer-Identifikationsnummer gem\u00e4\u00df \u00a7 27a Umsatzsteuergesetz:<br>CZ05755271<\/p>\n\n\n\n<p><strong>Verantwortlich f\u00fcr den Inhalt gem\u00e4\u00df \u00a7 55 (2) RStV:<br><\/strong>Pavel Vina\u0159<br>Smotech s.r.o.<br>B. Smetana 1460\/29, <br>CZ - 370 01 \u010cesk\u00e9 Bud\u011bjovice<\/p>\n\n\n\n<p>Wenn Sie Fragen oder Anmerkungen zu dieser Website oder unseren Dienstleistungen haben, z\u00f6gern Sie bitte nicht, uns \u00fcber die angegebenen Kontaktdaten zu kontaktieren.<\/p>\n\n\n\n<p>(Der Inhalt dieser Seite dient nur zu Informationszwecken und stellt kein Rechts- oder Vertragsdokument dar. Smotech s.r.o. beh\u00e4lt sich das Recht vor, die Informationen ohne vorherige Ank\u00fcndigung zu \u00e4ndern).<\/p>\n\n\n\n<p>Letzte Aktualisierung: 5. Juni 2023<\/p>","protected":false},"excerpt":{"rendered":"<p>Informace podle \u00a7 5 TMG: Smotech s.r.o.B.Smetany 1460\/29, CZ &#8211; 370 01 \u010cesk\u00e9 Bud\u011bjovice Zastoupen\u00e1: Pavel Vina\u0159 (jednatel), Ing. V\u00edt Frojda (jednatel), Jakub Lauda (jednatel) Kontakt:Telefon: +42 (0) 777 854 824E-mail: office@smotech.cz Firma je registrov\u00e1na:Z\u00e1pis v obchodn\u00edm rejst\u0159\u00edkuRegistra\u010dn\u00ed soud: Okresn\u00ed soud \u010cesk\u00e9 Bud\u011bjovice\u010c\u00edslo z\u00e1pisu: C 13005 I\u010cO pro da\u0148 z obratu:Da\u0148ov\u00e9 identifika\u010dn\u00ed \u010d\u00edslo pro da\u0148 [&hellip;]<\/p>\n","protected":false},"author":1,"featured_media":0,"parent":0,"menu_order":0,"comment_status":"closed","ping_status":"closed","template":"","meta":{"footnotes":""},"class_list":["post-159","page","type-page","status-publish","hentry"],"_links":{"self":[{"href":"https:\/\/www.smonox.cz\/de\/wp-json\/wp\/v2\/pages\/159","targetHints":{"allow":["GET"]}}],"collection":[{"href":"https:\/\/www.smonox.cz\/de\/wp-json\/wp\/v2\/pages"}],"about":[{"href":"https:\/\/www.smonox.cz\/de\/wp-json\/wp\/v2\/types\/page"}],"author":[{"embeddable":true,"href":"https:\/\/www.smonox.cz\/de\/wp-json\/wp\/v2\/users\/1"}],"replies":[{"embeddable":true,"href":"https:\/\/www.smonox.cz\/de\/wp-json\/wp\/v2\/comments?post=159"}],"version-history":[{"count":3,"href":"https:\/\/www.smonox.cz\/de\/wp-json\/wp\/v2\/pages\/159\/revisions"}],"predecessor-version":[{"id":210,"href":"https:\/\/www.smonox.cz\/de\/wp-json\/wp\/v2\/pages\/159\/revisions\/210"}],"wp:attachment":[{"href":"https:\/\/www.smonox.cz\/de\/wp-json\/wp\/v2\/media?parent=159"}],"curies":[{"name":"wp","href":"https:\/\/api.w.org\/{rel}","templated":true}]}}